{"id":8193,"date":"2026-01-26T00:05:50","date_gmt":"2026-01-25T23:05:50","guid":{"rendered":"https:\/\/www.cadegg.ch\/?page_id=8193"},"modified":"2026-01-26T10:10:54","modified_gmt":"2026-01-26T09:10:54","slug":"ueber-mich","status":"publish","type":"page","link":"https:\/\/www.cadegg.ch\/index.php\/ueber-mich\/","title":{"rendered":"\u00dcber mich"},"content":{"rendered":"\n<div class=\"wp-block-media-text has-media-on-the-right is-stacked-on-mobile is-vertically-aligned-top\" style=\"grid-template-columns:auto 30%\"><div class=\"wp-block-media-text__content\">\n<p class=\"has-primary-color has-text-color has-link-color wp-elements-019ad68e388c0760b9df9cba0ff8043b\" style=\"font-size:18px\">Nach Abschluss des Jura-Studiums an der Universit\u00e4t Bern und des LL.M.-Nachdiplomstudiums an der Universit\u00e4t M\u00fcnster (D) war ich von 2006 bis 2024 zuerst f\u00fcr Swisscanto und f\u00fcr die Z\u00fcrcher Kantonalbank und anschliessend f\u00fcr die Akara Funds AG und f\u00fcr die Swiss Prime Site Solutions AG als Immobilienakquisiteur t\u00e4tig.<\/p>\n\n\n\n<p class=\"has-primary-color has-text-color has-link-color wp-elements-34c690f04bcb8c38aacd36da53cc8cc7\" style=\"font-size:18px\">Seit 2006 vermittelte ich zuerst nebenbei Immobilien im Verwandten- und Bekanntenkreis. Die urspr\u00fcngliche Nebenbesch\u00e4ftigung wurde kontinuierlich zu meiner Vollzeitbesch\u00e4ftigung als selbst\u00e4ndiger Immobilienvermittler (Einzelunternehmer) mit B\u00fcro in Steffisburg.<\/p>\n\n\n\n<p class=\"has-primary-color has-text-color has-link-color wp-elements-0c56170117aaba8e827154469232dc58\" style=\"font-size:18px\">Ich vermittle aus Leidenschaft Immobilien aller Art (Einfamilien- und Ferienh\u00e4user, Mehrfamilienh\u00e4user, Wohn- und Gesch\u00e4ftsh\u00e4user, Bauland usw.).<\/p>\n\n\n\n<p class=\"has-primary-color has-text-color has-link-color wp-elements-77a60aad26a24aab0a9553d56ed80b6a\" style=\"font-size:18px\">Da ich oftmals auf Empfehlung mit der Vermittlung von Immobilien beauftragt werde, bin ich \u00fcberregional t\u00e4tig. Am meisten Immobilien vermittle ich im Kanton Bern. Ich habe aber auch schon in sieben anderen Kantonen der Deutschschweiz (AG, AR, SG &amp; ZH) und der Romandie (FR, VD &amp; VS) erfolgreich Immobilien vermittelt.<\/p>\n<\/div><figure class=\"wp-block-media-text__media\"><img loading=\"lazy\" decoding=\"async\" width=\"832\" height=\"1024\" src=\"https:\/\/www.cadegg.ch\/wp-content\/uploads\/Foto-CC-gruen-832x1024.jpg\" alt=\"\" class=\"wp-image-8198 size-full\" srcset=\"https:\/\/www.cadegg.ch\/wp-content\/uploads\/Foto-CC-gruen-832x1024.jpg 832w, https:\/\/www.cadegg.ch\/wp-content\/uploads\/Foto-CC-gruen-244x300.jpg 244w, https:\/\/www.cadegg.ch\/wp-content\/uploads\/Foto-CC-gruen-768x945.jpg 768w, https:\/\/www.cadegg.ch\/wp-content\/uploads\/Foto-CC-gruen-1248x1536.jpg 1248w, https:\/\/www.cadegg.ch\/wp-content\/uploads\/Foto-CC-gruen-1664x2048.jpg 1664w, https:\/\/www.cadegg.ch\/wp-content\/uploads\/Foto-CC-gruen.jpg 1991w\" sizes=\"auto, (max-width: 832px) 100vw, 832px\" \/><\/figure><\/div>\n\n\n\n<p><\/p>\n\n\n\n<p><\/p>\n","protected":false},"excerpt":{"rendered":"<p>Nach Abschluss des Jura-Studiums an der Universit\u00e4t Bern und des LL.M.-Nachdiplomstudiums an der Universit\u00e4t M\u00fcnster (D) war ich von 2006 bis 2024 zuerst f\u00fcr Swisscanto und f\u00fcr die Z\u00fcrcher Kantonalbank und anschliessend f\u00fcr die Akara Funds AG und f\u00fcr die Swiss Prime Site Solutions AG als Immobilienakquisiteur t\u00e4tig. Seit 2006 vermittelte ich zuerst nebenbei Immobilien im Verwandten- und Bekanntenkreis. Die<\/p>\n","protected":false},"author":2,"featured_media":0,"parent":0,"menu_order":2,"comment_status":"closed","ping_status":"closed","template":"","meta":{"footnotes":""},"class_list":["post-8193","page","type-page","status-publish","hentry"],"_links":{"self":[{"href":"https:\/\/www.cadegg.ch\/index.php\/wp-json\/wp\/v2\/pages\/8193","targetHints":{"allow":["GET"]}}],"collection":[{"href":"https:\/\/www.cadegg.ch\/index.php\/wp-json\/wp\/v2\/pages"}],"about":[{"href":"https:\/\/www.cadegg.ch\/index.php\/wp-json\/wp\/v2\/types\/page"}],"author":[{"embeddable":true,"href":"https:\/\/www.cadegg.ch\/index.php\/wp-json\/wp\/v2\/users\/2"}],"replies":[{"embeddable":true,"href":"https:\/\/www.cadegg.ch\/index.php\/wp-json\/wp\/v2\/comments?post=8193"}],"version-history":[{"count":24,"href":"https:\/\/www.cadegg.ch\/index.php\/wp-json\/wp\/v2\/pages\/8193\/revisions"}],"predecessor-version":[{"id":8461,"href":"https:\/\/www.cadegg.ch\/index.php\/wp-json\/wp\/v2\/pages\/8193\/revisions\/8461"}],"wp:attachment":[{"href":"https:\/\/www.cadegg.ch\/index.php\/wp-json\/wp\/v2\/media?parent=8193"}],"curies":[{"name":"wp","href":"https:\/\/api.w.org\/{rel}","templated":true}]}}