{"id":8224,"date":"2026-01-26T01:11:55","date_gmt":"2026-01-26T00:11:55","guid":{"rendered":"https:\/\/www.cadegg.ch\/?page_id=8224"},"modified":"2026-02-12T14:54:49","modified_gmt":"2026-02-12T13:54:49","slug":"dienstleistungen","status":"publish","type":"page","link":"https:\/\/www.cadegg.ch\/index.php\/dienstleistungen\/","title":{"rendered":"Dienstleistungen"},"content":{"rendered":"\n<p class=\"has-primary-color has-text-color has-link-color wp-elements-b9acb5273635cff47c86382fb6314681\" style=\"font-size:24px\"><br><strong>Immobilienvermittlung<\/strong><\/p>\n\n\n\n<p class=\"has-primary-color has-text-color has-link-color wp-elements-5f56043acc6b4d8826e1a6c53e787bf1\" style=\"font-size:16px\">Ich vermittle aus Leidenschaft Immobilien aller Art &#8211; insbesondere:<\/p>\n\n\n\n<ul style=\"font-size:16px\" class=\"wp-block-list\">\n<li class=\"has-primary-color has-text-color has-link-color wp-elements-28aa873c22658f2682425f105f7f669e\">Einfamilienh\u00e4user<\/li>\n\n\n\n<li class=\"has-primary-color has-text-color has-link-color wp-elements-239cdf377e2bc2d3a88bdecbba32e8d1\">Ferienh\u00e4user<\/li>\n\n\n\n<li class=\"has-primary-color has-text-color has-link-color wp-elements-48266034fe9a8d18c173d053491fff1d\">Eigentumswohnungen<\/li>\n\n\n\n<li class=\"has-primary-color has-text-color has-link-color wp-elements-9b017be1ab5f3475fda5cc7811610691\">Mehrfamilienh\u00e4user<\/li>\n\n\n\n<li class=\"has-primary-color has-text-color has-link-color wp-elements-28cbf8b0628fafb01c58cadc51d88455\">Wohn- und Gesch\u00e4ftsh\u00e4user<\/li>\n\n\n\n<li class=\"has-primary-color has-text-color has-link-color wp-elements-fc10b2ebddcddf88bfc6a2aa51de99cf\">Gewerbeobjekte<\/li>\n\n\n\n<li class=\"has-primary-color has-text-color has-link-color wp-elements-2fcdcd3a2e6ce64abdc9ab63c21c63f8\">landwirtschaftliche Grundst\u00fccke<\/li>\n\n\n\n<li class=\"has-primary-color has-text-color has-link-color wp-elements-3a255da50d835b6becdee5f0955918b3\">Bauland<\/li>\n\n\n\n<li class=\"has-primary-color has-text-color has-link-color wp-elements-605c6a84ae7181547116718037b1c515\">Renditeobjekte<\/li>\n\n\n\n<li class=\"has-primary-color has-text-color has-link-color wp-elements-408c6453a1328c9b6657502802729c2a\">usw.<\/li>\n<\/ul>\n\n\n\n<p class=\"has-primary-color has-text-color has-link-color wp-elements-5517bc306fb6fadcd23e6e70c132c126\" style=\"font-size:16px\">Bei mir erhalten die Auftraggeber vom ersten unverbindlichen Treffen bis und mit \u00f6ffentliche Beurkundung des Kaufvertrages alles aus einer Hand.<\/p>\n\n\n\n<p class=\"has-primary-color has-text-color has-link-color wp-elements-c09b8169c559202649394d6b73840e1d\" style=\"font-size:16px\">Beabsichtigen Sie, Ihre Immobilien zu verkaufen und jemanden mit der Vermittlung zu beauftragen, unterbreite ich Ihnen gerne eine auf Ihre Immobilien massgeschneiderte Vermittlungsofferte.<br><\/p>\n\n\n\n<p class=\"has-primary-color has-text-color has-link-color wp-elements-b761f481c6799c59a052bb5ddffc0adb\" style=\"font-size:24px\"><br><br><strong>Haus- und Wohnnungsr\u00e4umungen<\/strong><\/p>\n\n\n\n<p class=\"has-primary-color has-text-color has-link-color wp-elements-232fe8e35f648e542c39a67b1c61a78c\" style=\"font-size:16px\">Ich r\u00e4ume &#8211; meist im Hinblick auf die anschliessende Vermittlung &#8211; H\u00e4user und Wohnungen.<\/p>\n\n\n\n<p class=\"has-primary-color has-text-color has-link-color wp-elements-af38155d5ec2a3ba97216b989ff730e3\" style=\"font-size:16px\">Haben Sie ein Haus oder eine Wohnung, welche ger\u00e4umt werden sollen? Gerne unterbreite ich Ihnen eine auf das zu r\u00e4umende Objekt massgeschneiderte R\u00e4umungsofferte.<br><br><\/p>\n\n\n\n<p><\/p>\n","protected":false},"excerpt":{"rendered":"<p>Immobilienvermittlung Ich vermittle aus Leidenschaft Immobilien aller Art &#8211; insbesondere: Bei mir erhalten die Auftraggeber vom ersten unverbindlichen Treffen bis und mit \u00f6ffentliche Beurkundung des Kaufvertrages alles aus einer Hand. Beabsichtigen Sie, Ihre Immobilien zu verkaufen und jemanden mit der Vermittlung zu beauftragen, unterbreite ich Ihnen gerne eine auf Ihre Immobilien massgeschneiderte Vermittlungsofferte. Haus- und Wohnnungsr\u00e4umungen Ich r\u00e4ume &#8211; meist<\/p>\n","protected":false},"author":2,"featured_media":0,"parent":0,"menu_order":0,"comment_status":"closed","ping_status":"closed","template":"","meta":{"footnotes":""},"class_list":["post-8224","page","type-page","status-publish","hentry"],"_links":{"self":[{"href":"https:\/\/www.cadegg.ch\/index.php\/wp-json\/wp\/v2\/pages\/8224","targetHints":{"allow":["GET"]}}],"collection":[{"href":"https:\/\/www.cadegg.ch\/index.php\/wp-json\/wp\/v2\/pages"}],"about":[{"href":"https:\/\/www.cadegg.ch\/index.php\/wp-json\/wp\/v2\/types\/page"}],"author":[{"embeddable":true,"href":"https:\/\/www.cadegg.ch\/index.php\/wp-json\/wp\/v2\/users\/2"}],"replies":[{"embeddable":true,"href":"https:\/\/www.cadegg.ch\/index.php\/wp-json\/wp\/v2\/comments?post=8224"}],"version-history":[{"count":24,"href":"https:\/\/www.cadegg.ch\/index.php\/wp-json\/wp\/v2\/pages\/8224\/revisions"}],"predecessor-version":[{"id":8497,"href":"https:\/\/www.cadegg.ch\/index.php\/wp-json\/wp\/v2\/pages\/8224\/revisions\/8497"}],"wp:attachment":[{"href":"https:\/\/www.cadegg.ch\/index.php\/wp-json\/wp\/v2\/media?parent=8224"}],"curies":[{"name":"wp","href":"https:\/\/api.w.org\/{rel}","templated":true}]}}